{"id":2,"date":"2021-12-27T12:20:59","date_gmt":"2021-12-27T12:20:59","guid":{"rendered":"http:\/\/asociatiahelicomed.ro\/?page_id=2"},"modified":"2022-12-24T15:20:32","modified_gmt":"2022-12-24T15:20:32","slug":"sample-page","status":"publish","type":"page","link":"https:\/\/asociatiahelicomed.ro\/","title":{"rendered":"Home"},"content":{"rendered":"\t\t<div data-elementor-type=\"wp-page\" data-elementor-id=\"2\" class=\"elementor elementor-2\">\n\t\t\t\t\t\t\t\t\t<section class=\"elementor-section elementor-top-section elementor-element elementor-element-59dd2c22 elementor-section-full_width elementor-section-height-default elementor-section-height-default\" data-id=\"59dd2c22\" data-element_type=\"section\">\n\t\t\t\t\t\t<div class=\"elementor-container elementor-column-gap-default\">\n\t\t\t\t\t<div class=\"elementor-column elementor-col-50 elementor-top-column elementor-element elementor-element-4d12fe03\" data-id=\"4d12fe03\" data-element_type=\"column\">\n\t\t\t<div class=\"elementor-widget-wrap elementor-element-populated\">\n\t\t\t\t\t\t\t\t<div class=\"elementor-element elementor-element-4576eb6b elementor-widget elementor-widget-image\" data-id=\"4576eb6b\" data-element_type=\"widget\" data-widget_type=\"image.default\">\n\t\t\t\t<div class=\"elementor-widget-container\">\n\t\t\t<style>\/*! elementor - v3.6.4 - 13-04-2022 *\/\n.elementor-widget-image{text-align:center}.elementor-widget-image a{display:inline-block}.elementor-widget-image a img[src$=\".svg\"]{width:48px}.elementor-widget-image img{vertical-align:middle;display:inline-block}<\/style>\t\t\t\t\t\t\t\t\t\t\t\t<img width=\"300\" height=\"98\" src=\"https:\/\/asociatiahelicomed.ro\/wp-content\/uploads\/2021\/12\/LogoAsociatiaHelicomed-300x98.png\" class=\"attachment-medium size-medium\" alt=\"\" loading=\"lazy\" srcset=\"https:\/\/asociatiahelicomed.ro\/wp-content\/uploads\/2021\/12\/LogoAsociatiaHelicomed-300x98.png 300w, https:\/\/asociatiahelicomed.ro\/wp-content\/uploads\/2021\/12\/LogoAsociatiaHelicomed.png 532w\" sizes=\"(max-width: 300px) 100vw, 300px\" \/>\t\t\t\t\t\t\t\t\t\t\t\t\t\t\t<\/div>\n\t\t\t\t<\/div>\n\t\t\t\t\t<\/div>\n\t\t<\/div>\n\t\t\t\t<div class=\"elementor-column elementor-col-50 elementor-top-column elementor-element elementor-element-1683fbc\" data-id=\"1683fbc\" data-element_type=\"column\">\n\t\t\t<div class=\"elementor-widget-wrap elementor-element-populated\">\n\t\t\t\t\t\t\t\t<section class=\"elementor-section elementor-inner-section elementor-element elementor-element-22c0e140 elementor-section-boxed elementor-section-height-default elementor-section-height-default\" data-id=\"22c0e140\" data-element_type=\"section\">\n\t\t\t\t\t\t<div class=\"elementor-container elementor-column-gap-default\">\n\t\t\t\t\t<div class=\"elementor-column elementor-col-25 elementor-inner-column elementor-element elementor-element-45974863\" data-id=\"45974863\" data-element_type=\"column\">\n\t\t\t<div class=\"elementor-widget-wrap\">\n\t\t\t\t\t\t\t\t\t<\/div>\n\t\t<\/div>\n\t\t\t\t<div class=\"elementor-column elementor-col-25 elementor-inner-column elementor-element elementor-element-490437e5\" data-id=\"490437e5\" data-element_type=\"column\">\n\t\t\t<div class=\"elementor-widget-wrap elementor-element-populated\">\n\t\t\t\t\t\t\t\t<div class=\"elementor-element elementor-element-68a09b1c elementor-mobile-align-center elementor-widget elementor-widget-button\" data-id=\"68a09b1c\" data-element_type=\"widget\" data-widget_type=\"button.default\">\n\t\t\t\t<div class=\"elementor-widget-container\">\n\t\t\t\t\t<div class=\"elementor-button-wrapper\">\n\t\t\t<a href=\"http:\/\/asociatiahelicomed.ro\/\" class=\"elementor-button-link elementor-button elementor-size-sm\" role=\"button\">\n\t\t\t\t\t\t<span class=\"elementor-button-content-wrapper\">\n\t\t\t\t\t\t<span class=\"elementor-button-text\">Acasa<\/span>\n\t\t<\/span>\n\t\t\t\t\t<\/a>\n\t\t<\/div>\n\t\t\t\t<\/div>\n\t\t\t\t<\/div>\n\t\t\t\t\t<\/div>\n\t\t<\/div>\n\t\t\t\t<div class=\"elementor-column elementor-col-25 elementor-inner-column elementor-element elementor-element-6e6cfe0a\" data-id=\"6e6cfe0a\" data-element_type=\"column\">\n\t\t\t<div class=\"elementor-widget-wrap elementor-element-populated\">\n\t\t\t\t\t\t\t\t<div class=\"elementor-element elementor-element-6b460c7d elementor-mobile-align-center elementor-widget elementor-widget-button\" data-id=\"6b460c7d\" data-element_type=\"widget\" data-widget_type=\"button.default\">\n\t\t\t\t<div class=\"elementor-widget-container\">\n\t\t\t\t\t<div class=\"elementor-button-wrapper\">\n\t\t\t<a href=\"http:\/\/asociatiahelicomed.ro\/index.php\/comunicate-presa\/\" class=\"elementor-button-link elementor-button elementor-size-sm\" role=\"button\">\n\t\t\t\t\t\t<span class=\"elementor-button-content-wrapper\">\n\t\t\t\t\t\t<span class=\"elementor-button-text\">Comunicate Presa<\/span>\n\t\t<\/span>\n\t\t\t\t\t<\/a>\n\t\t<\/div>\n\t\t\t\t<\/div>\n\t\t\t\t<\/div>\n\t\t\t\t\t<\/div>\n\t\t<\/div>\n\t\t\t\t<div class=\"elementor-column elementor-col-25 elementor-inner-column elementor-element elementor-element-19f28b12\" data-id=\"19f28b12\" data-element_type=\"column\">\n\t\t\t<div class=\"elementor-widget-wrap elementor-element-populated\">\n\t\t\t\t\t\t\t\t<div class=\"elementor-element elementor-element-5fc84a87 elementor-mobile-align-center elementor-widget elementor-widget-button\" data-id=\"5fc84a87\" data-element_type=\"widget\" data-widget_type=\"button.default\">\n\t\t\t\t<div class=\"elementor-widget-container\">\n\t\t\t\t\t<div class=\"elementor-button-wrapper\">\n\t\t\t<a href=\"http:\/\/asociatiahelicomed.ro\/index.php\/anunturi\/\" class=\"elementor-button-link elementor-button elementor-size-sm\" role=\"button\">\n\t\t\t\t\t\t<span class=\"elementor-button-content-wrapper\">\n\t\t\t\t\t\t<span class=\"elementor-button-text\">Anunturi<\/span>\n\t\t<\/span>\n\t\t\t\t\t<\/a>\n\t\t<\/div>\n\t\t\t\t<\/div>\n\t\t\t\t<\/div>\n\t\t\t\t\t<\/div>\n\t\t<\/div>\n\t\t\t\t\t\t\t<\/div>\n\t\t<\/section>\n\t\t\t\t\t<\/div>\n\t\t<\/div>\n\t\t\t\t\t\t\t<\/div>\n\t\t<\/section>\n\t\t\t\t<section class=\"elementor-section elementor-top-section elementor-element elementor-element-4891431 elementor-section-boxed elementor-section-height-default elementor-section-height-default\" data-id=\"4891431\" data-element_type=\"section\">\n\t\t\t\t\t\t<div class=\"elementor-container elementor-column-gap-default\">\n\t\t\t\t\t<div class=\"elementor-column elementor-col-100 elementor-top-column elementor-element elementor-element-09947e8\" data-id=\"09947e8\" data-element_type=\"column\">\n\t\t\t<div class=\"elementor-widget-wrap elementor-element-populated\">\n\t\t\t\t\t\t\t\t<div class=\"elementor-element elementor-element-e3d1476 elementor-widget elementor-widget-heading\" data-id=\"e3d1476\" data-element_type=\"widget\" data-widget_type=\"heading.default\">\n\t\t\t\t<div class=\"elementor-widget-container\">\n\t\t\t<style>\/*! elementor - v3.6.4 - 13-04-2022 *\/\n.elementor-heading-title{padding:0;margin:0;line-height:1}.elementor-widget-heading .elementor-heading-title[class*=elementor-size-]>a{color:inherit;font-size:inherit;line-height:inherit}.elementor-widget-heading .elementor-heading-title.elementor-size-small{font-size:15px}.elementor-widget-heading .elementor-heading-title.elementor-size-medium{font-size:19px}.elementor-widget-heading .elementor-heading-title.elementor-size-large{font-size:29px}.elementor-widget-heading .elementor-heading-title.elementor-size-xl{font-size:39px}.elementor-widget-heading .elementor-heading-title.elementor-size-xxl{font-size:59px}<\/style><h2 class=\"elementor-heading-title elementor-size-default\">Asocia\u0163ia Helicomed<\/h2>\t\t<\/div>\n\t\t\t\t<\/div>\n\t\t\t\t<div class=\"elementor-element elementor-element-e75ebe3 elementor-widget elementor-widget-text-editor\" data-id=\"e75ebe3\" data-element_type=\"widget\" data-widget_type=\"text-editor.default\">\n\t\t\t\t<div class=\"elementor-widget-container\">\n\t\t\t<style>\/*! elementor - v3.6.4 - 13-04-2022 *\/\n.elementor-widget-text-editor.elementor-drop-cap-view-stacked .elementor-drop-cap{background-color:#818a91;color:#fff}.elementor-widget-text-editor.elementor-drop-cap-view-framed .elementor-drop-cap{color:#818a91;border:3px solid;background-color:transparent}.elementor-widget-text-editor:not(.elementor-drop-cap-view-default) .elementor-drop-cap{margin-top:8px}.elementor-widget-text-editor:not(.elementor-drop-cap-view-default) .elementor-drop-cap-letter{width:1em;height:1em}.elementor-widget-text-editor .elementor-drop-cap{float:left;text-align:center;line-height:1;font-size:50px}.elementor-widget-text-editor .elementor-drop-cap-letter{display:inline-block}<\/style>\t\t\t\t<p>Asocia<span style=\"font-family: Roboto, sans-serif; font-size: 18px; font-style: normal; font-variant-caps: normal; color: var( --e-global-color-text );\">\u0163<\/span><span style=\"font-size: 18px; color: var( --e-global-color-text );\">ia Helicomed este o organiza\u0163ie non-guvernamental\u0103, nonprofit, \u00eenfiin\u0163at\u0103 \u00een 2003.<\/span><\/p><p class=\"s4\"><span class=\"s3\">Asocia\u021bia are ca scop<\/span> crearea, acordarea \u015fi implementarea de programe de asisten\u0163\u0103 medico-social\u0103, psihologic\u0103 \u015fi psiho-pedagogic\u0103 \u00een folosul unor persoane defavorizate (copii, persoane cu handicap \u015fi persoane de v\u00e2rsta a treia), aflate \u00een dificultate sau persoane cu cerin\u0163e speciale.<\/p><p class=\"s4\"><span class=\"s3\">Asocia\u021bia<\/span><span class=\"s3\"> organizeaz\u0103<\/span> programe acreditate de formare pentru calificarea \u015fi recalificarea personalului din diverse domenii (sanitar, social, etc), precum \u015fi cursuri de formare continu\u0103, perfec\u0163ionare, specializare pentru personalul cu studii superioare, \u00een vederea unei mai bune inser\u0163ii pe pia\u0163a muncii<\/p><p class=\"s5\">Problematica medical\u0103 \u015fi social\u0103 ne-a determinat s\u0103 \u00eenfiin\u0163\u0103m aceast\u0103 Asocia\u0163ie, pentru a veni \u00een sprijinul:<\/p>\t\t\t\t\t\t<\/div>\n\t\t\t\t<\/div>\n\t\t\t\t<div class=\"elementor-element elementor-element-0428175 elementor-widget elementor-widget-text-editor\" data-id=\"0428175\" data-element_type=\"widget\" data-widget_type=\"text-editor.default\">\n\t\t\t\t<div class=\"elementor-widget-container\">\n\t\t\t\t\t\t\t<div><span>\u2022&nbsp;<\/span>persoanelor \u00een v\u00e2rst\u0103<\/div>\n<div><span>\u2022&nbsp;<\/span>persoanelor cu diferite dizabilit\u0103\u0163i<\/div>\n<div><span>\u2022 <\/span>persoanelor cu situa\u0163ie financiar\u0103 precar\u0103 &nbsp;<\/div>\n<div><span>\u2022 <\/span>a copiilor supradota\u0163i intelectual f\u0103r\u0103 posibilit\u0103\u0163i materiale de intre<span style=\"font-family: Roboto, sans-serif; font-size: 18px; font-style: normal; font-variant-caps: normal; color: var( --e-global-color-text );\">\u0163inere<\/span><\/div>\n<div><span>\u2022 <\/span>copiilor \u015fi tinerilor afla\u0163i \u00een momente dramatice din existenta lor<\/div>\t\t\t\t\t\t<\/div>\n\t\t\t\t<\/div>\n\t\t\t\t\t<\/div>\n\t\t<\/div>\n\t\t\t\t\t\t\t<\/div>\n\t\t<\/section>\n\t\t\t\t\t\t\t<\/div>\n\t\t","protected":false},"excerpt":{"rendered":"<p>Acasa Comunicate Presa Anunturi Asocia\u0163ia Helicomed Asocia\u0163ia Helicomed este o organiza\u0163ie non-guvernamental\u0103, nonprofit, \u00eenfiin\u0163at\u0103 \u00een 2003. Asocia\u021bia are ca scop crearea, acordarea \u015fi implementarea de programe de asisten\u0163\u0103 medico-social\u0103, psihologic\u0103 \u015fi psiho-pedagogic\u0103 \u00een folosul unor persoane defavorizate (copii, persoane cu handicap \u015fi persoane de v\u00e2rsta a treia), aflate \u00een dificultate sau persoane cu cerin\u0163e speciale. [&hellip;]<\/p>\n","protected":false},"author":1,"featured_media":0,"parent":0,"menu_order":0,"comment_status":"closed","ping_status":"open","template":"","meta":[],"_links":{"self":[{"href":"https:\/\/asociatiahelicomed.ro\/index.php\/wp-json\/wp\/v2\/pages\/2"}],"collection":[{"href":"https:\/\/asociatiahelicomed.ro\/index.php\/wp-json\/wp\/v2\/pages"}],"about":[{"href":"https:\/\/asociatiahelicomed.ro\/index.php\/wp-json\/wp\/v2\/types\/page"}],"author":[{"embeddable":true,"href":"https:\/\/asociatiahelicomed.ro\/index.php\/wp-json\/wp\/v2\/users\/1"}],"replies":[{"embeddable":true,"href":"https:\/\/asociatiahelicomed.ro\/index.php\/wp-json\/wp\/v2\/comments?post=2"}],"version-history":[{"count":74,"href":"https:\/\/asociatiahelicomed.ro\/index.php\/wp-json\/wp\/v2\/pages\/2\/revisions"}],"predecessor-version":[{"id":178,"href":"https:\/\/asociatiahelicomed.ro\/index.php\/wp-json\/wp\/v2\/pages\/2\/revisions\/178"}],"wp:attachment":[{"href":"https:\/\/asociatiahelicomed.ro\/index.php\/wp-json\/wp\/v2\/media?parent=2"}],"curies":[{"name":"wp","href":"https:\/\/api.w.org\/{rel}","templated":true}]}}