{"id":80,"date":"2022-02-09T09:05:22","date_gmt":"2022-02-09T09:05:22","guid":{"rendered":"http:\/\/asociatiahelicomed.ro\/?page_id=80"},"modified":"2022-12-24T15:21:08","modified_gmt":"2022-12-24T15:21:08","slug":"anunturi","status":"publish","type":"page","link":"http:\/\/asociatiahelicomed.ro\/index.php\/anunturi\/","title":{"rendered":"Anunturi"},"content":{"rendered":"\t\t<div data-elementor-type=\"wp-page\" data-elementor-id=\"80\" class=\"elementor elementor-80\">\n\t\t\t\t\t\t\t\t\t<section class=\"elementor-section elementor-top-section elementor-element elementor-element-173e9a7d elementor-section-full_width elementor-section-height-default elementor-section-height-default\" data-id=\"173e9a7d\" data-element_type=\"section\">\n\t\t\t\t\t\t<div class=\"elementor-container elementor-column-gap-default\">\n\t\t\t\t\t<div class=\"elementor-column elementor-col-50 elementor-top-column elementor-element elementor-element-40a5a245\" data-id=\"40a5a245\" data-element_type=\"column\">\n\t\t\t<div class=\"elementor-widget-wrap elementor-element-populated\">\n\t\t\t\t\t\t\t\t<div class=\"elementor-element elementor-element-7b7f0985 elementor-widget elementor-widget-image\" data-id=\"7b7f0985\" data-element_type=\"widget\" data-widget_type=\"image.default\">\n\t\t\t\t<div class=\"elementor-widget-container\">\n\t\t\t<style>\/*! elementor - v3.6.4 - 13-04-2022 *\/\n.elementor-widget-image{text-align:center}.elementor-widget-image a{display:inline-block}.elementor-widget-image a img[src$=\".svg\"]{width:48px}.elementor-widget-image img{vertical-align:middle;display:inline-block}<\/style>\t\t\t\t\t\t\t\t\t\t\t\t<img width=\"300\" height=\"98\" src=\"http:\/\/asociatiahelicomed.ro\/wp-content\/uploads\/2021\/12\/LogoAsociatiaHelicomed-300x98.png\" class=\"attachment-medium size-medium\" alt=\"\" loading=\"lazy\" srcset=\"http:\/\/asociatiahelicomed.ro\/wp-content\/uploads\/2021\/12\/LogoAsociatiaHelicomed-300x98.png 300w, http:\/\/asociatiahelicomed.ro\/wp-content\/uploads\/2021\/12\/LogoAsociatiaHelicomed.png 532w\" sizes=\"(max-width: 300px) 100vw, 300px\" \/>\t\t\t\t\t\t\t\t\t\t\t\t\t\t\t<\/div>\n\t\t\t\t<\/div>\n\t\t\t\t\t<\/div>\n\t\t<\/div>\n\t\t\t\t<div class=\"elementor-column elementor-col-50 elementor-top-column elementor-element elementor-element-3ce0fac4\" data-id=\"3ce0fac4\" data-element_type=\"column\">\n\t\t\t<div class=\"elementor-widget-wrap elementor-element-populated\">\n\t\t\t\t\t\t\t\t<section class=\"elementor-section elementor-inner-section elementor-element elementor-element-57ebd1f9 elementor-section-boxed elementor-section-height-default elementor-section-height-default\" data-id=\"57ebd1f9\" data-element_type=\"section\">\n\t\t\t\t\t\t<div class=\"elementor-container elementor-column-gap-default\">\n\t\t\t\t\t<div class=\"elementor-column elementor-col-25 elementor-inner-column elementor-element elementor-element-2e9a775f\" data-id=\"2e9a775f\" data-element_type=\"column\">\n\t\t\t<div class=\"elementor-widget-wrap\">\n\t\t\t\t\t\t\t\t\t<\/div>\n\t\t<\/div>\n\t\t\t\t<div class=\"elementor-column elementor-col-25 elementor-inner-column elementor-element elementor-element-6108f01\" data-id=\"6108f01\" data-element_type=\"column\">\n\t\t\t<div class=\"elementor-widget-wrap elementor-element-populated\">\n\t\t\t\t\t\t\t\t<div class=\"elementor-element elementor-element-6aac9d81 elementor-mobile-align-center elementor-widget elementor-widget-button\" data-id=\"6aac9d81\" data-element_type=\"widget\" data-widget_type=\"button.default\">\n\t\t\t\t<div class=\"elementor-widget-container\">\n\t\t\t\t\t<div class=\"elementor-button-wrapper\">\n\t\t\t<a href=\"http:\/\/asociatiahelicomed.ro\/\" class=\"elementor-button-link elementor-button elementor-size-sm\" role=\"button\">\n\t\t\t\t\t\t<span class=\"elementor-button-content-wrapper\">\n\t\t\t\t\t\t<span class=\"elementor-button-text\">Acasa<\/span>\n\t\t<\/span>\n\t\t\t\t\t<\/a>\n\t\t<\/div>\n\t\t\t\t<\/div>\n\t\t\t\t<\/div>\n\t\t\t\t\t<\/div>\n\t\t<\/div>\n\t\t\t\t<div class=\"elementor-column elementor-col-25 elementor-inner-column elementor-element elementor-element-7035b4b9\" data-id=\"7035b4b9\" data-element_type=\"column\">\n\t\t\t<div class=\"elementor-widget-wrap elementor-element-populated\">\n\t\t\t\t\t\t\t\t<div class=\"elementor-element elementor-element-2d0f3dea elementor-mobile-align-center elementor-widget elementor-widget-button\" data-id=\"2d0f3dea\" data-element_type=\"widget\" data-widget_type=\"button.default\">\n\t\t\t\t<div class=\"elementor-widget-container\">\n\t\t\t\t\t<div class=\"elementor-button-wrapper\">\n\t\t\t<a href=\"http:\/\/asociatiahelicomed.ro\/index.php\/comunicate-presa\/\" class=\"elementor-button-link elementor-button elementor-size-sm\" role=\"button\">\n\t\t\t\t\t\t<span class=\"elementor-button-content-wrapper\">\n\t\t\t\t\t\t<span class=\"elementor-button-text\">Comunicate Presa<\/span>\n\t\t<\/span>\n\t\t\t\t\t<\/a>\n\t\t<\/div>\n\t\t\t\t<\/div>\n\t\t\t\t<\/div>\n\t\t\t\t\t<\/div>\n\t\t<\/div>\n\t\t\t\t<div class=\"elementor-column elementor-col-25 elementor-inner-column elementor-element elementor-element-7dc4b30f\" data-id=\"7dc4b30f\" data-element_type=\"column\">\n\t\t\t<div class=\"elementor-widget-wrap elementor-element-populated\">\n\t\t\t\t\t\t\t\t<div class=\"elementor-element elementor-element-53ea1a95 elementor-mobile-align-center elementor-widget elementor-widget-button\" data-id=\"53ea1a95\" data-element_type=\"widget\" data-widget_type=\"button.default\">\n\t\t\t\t<div class=\"elementor-widget-container\">\n\t\t\t\t\t<div class=\"elementor-button-wrapper\">\n\t\t\t<a href=\"http:\/\/asociatiahelicomed.ro\/index.php\/anunturi\/\" class=\"elementor-button-link elementor-button elementor-size-sm\" role=\"button\">\n\t\t\t\t\t\t<span class=\"elementor-button-content-wrapper\">\n\t\t\t\t\t\t<span class=\"elementor-button-text\">Anunturi<\/span>\n\t\t<\/span>\n\t\t\t\t\t<\/a>\n\t\t<\/div>\n\t\t\t\t<\/div>\n\t\t\t\t<\/div>\n\t\t\t\t\t<\/div>\n\t\t<\/div>\n\t\t\t\t\t\t\t<\/div>\n\t\t<\/section>\n\t\t\t\t\t<\/div>\n\t\t<\/div>\n\t\t\t\t\t\t\t<\/div>\n\t\t<\/section>\n\t\t\t\t<section class=\"elementor-section elementor-top-section elementor-element elementor-element-44dbf0e7 elementor-section-boxed elementor-section-height-default elementor-section-height-default\" data-id=\"44dbf0e7\" data-element_type=\"section\">\n\t\t\t\t\t\t<div class=\"elementor-container elementor-column-gap-default\">\n\t\t\t\t\t<div class=\"elementor-column elementor-col-100 elementor-top-column elementor-element elementor-element-9516cab\" data-id=\"9516cab\" data-element_type=\"column\">\n\t\t\t<div class=\"elementor-widget-wrap elementor-element-populated\">\n\t\t\t\t\t\t\t\t<div class=\"elementor-element elementor-element-470facf0 elementor-widget elementor-widget-heading\" data-id=\"470facf0\" data-element_type=\"widget\" data-widget_type=\"heading.default\">\n\t\t\t\t<div class=\"elementor-widget-container\">\n\t\t\t<style>\/*! elementor - v3.6.4 - 13-04-2022 *\/\n.elementor-heading-title{padding:0;margin:0;line-height:1}.elementor-widget-heading .elementor-heading-title[class*=elementor-size-]>a{color:inherit;font-size:inherit;line-height:inherit}.elementor-widget-heading .elementor-heading-title.elementor-size-small{font-size:15px}.elementor-widget-heading .elementor-heading-title.elementor-size-medium{font-size:19px}.elementor-widget-heading .elementor-heading-title.elementor-size-large{font-size:29px}.elementor-widget-heading .elementor-heading-title.elementor-size-xl{font-size:39px}.elementor-widget-heading .elementor-heading-title.elementor-size-xxl{font-size:59px}<\/style><h2 class=\"elementor-heading-title elementor-size-default\">Anun\u0163uri<\/h2>\t\t<\/div>\n\t\t\t\t<\/div>\n\t\t\t\t\t<\/div>\n\t\t<\/div>\n\t\t\t\t\t\t\t<\/div>\n\t\t<\/section>\n\t\t\t\t<section class=\"elementor-section elementor-top-section elementor-element elementor-element-b96e2f8 elementor-section-boxed elementor-section-height-default elementor-section-height-default\" data-id=\"b96e2f8\" data-element_type=\"section\">\n\t\t\t\t\t\t<div class=\"elementor-container elementor-column-gap-default\">\n\t\t\t\t\t<div class=\"elementor-column elementor-col-100 elementor-top-column elementor-element elementor-element-cb87083\" data-id=\"cb87083\" data-element_type=\"column\">\n\t\t\t<div class=\"elementor-widget-wrap elementor-element-populated\">\n\t\t\t\t\t\t\t\t<div class=\"elementor-element elementor-element-0357215 elementor-widget elementor-widget-heading\" data-id=\"0357215\" data-element_type=\"widget\" data-widget_type=\"heading.default\">\n\t\t\t\t<div class=\"elementor-widget-container\">\n\t\t\t<h2 class=\"elementor-heading-title elementor-size-default\">15 Aprilie 2022<\/h2>\t\t<\/div>\n\t\t\t\t<\/div>\n\t\t\t\t<div class=\"elementor-element elementor-element-d09aebd elementor-widget elementor-widget-text-editor\" data-id=\"d09aebd\" data-element_type=\"widget\" data-widget_type=\"text-editor.default\">\n\t\t\t\t<div class=\"elementor-widget-container\">\n\t\t\t<style>\/*! elementor - v3.6.4 - 13-04-2022 *\/\n.elementor-widget-text-editor.elementor-drop-cap-view-stacked .elementor-drop-cap{background-color:#818a91;color:#fff}.elementor-widget-text-editor.elementor-drop-cap-view-framed .elementor-drop-cap{color:#818a91;border:3px solid;background-color:transparent}.elementor-widget-text-editor:not(.elementor-drop-cap-view-default) .elementor-drop-cap{margin-top:8px}.elementor-widget-text-editor:not(.elementor-drop-cap-view-default) .elementor-drop-cap-letter{width:1em;height:1em}.elementor-widget-text-editor .elementor-drop-cap{float:left;text-align:center;line-height:1;font-size:50px}.elementor-widget-text-editor .elementor-drop-cap-letter{display:inline-block}<\/style>\t\t\t\t<p>Asocia\u021bia Helicomed \u0219i-a propus s\u0103 achizi\u021bioneze serviciile de editare si imprimare a 920 planse (23 seturi a cate 40 planse) \u00een vederea\u00a0implement\u0103rii proiectului finan\u021bat \u00een cadrul Programului\u00a0Opera\u021bional Comun Rom\u00e2nia-Republica Moldova 2014-2020 de Uniunea European\u0103 prin intermediul Instrumentului European de Vecinatate (ENI)\u00a0\u00a0 Rom\u00e2nia \u2013 Republica Moldova: \u201eCross-border co-operation and research through interdisciplinary approach of genesis, clinical manifestations and therapeutical\/preventional aspects of oral \/ written language specific disorders and development of innovative method of intervention in the cross border area (CERDIS)\u201d<span class=\"gmail-bumpedfont15\">, 2SOFT\/1.2\/78.<\/span><\/p><p>Dosarele pot fi depuse \u00eencep\u00e2nd cu data de 18.04.2022, ora 09:00, la sediul Asocia\u021biei Helicomed.<\/p><p>Data limit\u0103 pentru depunerea ofertelor este\u00a021.04.2022,\u00a0 ora\u00a0 14:00.<\/p><p>\u00cen cazul \u00een care sunt necesare clarific\u0103ri, le pute\u021bi solicita \u00een scris, prin e-mail, la adresa\u00a0<a href=\"mailto:asociatiahelicomed@yahoo.com\">asociatiahelicomed@yahoo.com<\/a>, cel t\u00e2rziu p\u00e2n\u0103 \u00een data de 20.04.2022 ora 10:00, iar r\u0103spunsul \u00eel vom \u00eentocmi \u0219i \u00eel vom transmite pe cale electronic\u0103 \u00een cel mai scurt timp, cel t\u00e2rziu p\u00e2n\u0103 \u00een data de 20.04.2022 ora 16:00.\u00a0<\/p><p>Toate detaliile necesare realiz\u0103rii\u00a0achizitiei serviciilor de editare si imprimare pentru cele 920 planse (23 seturi a cate 40 planse) le pute\u021bi consulta mai jos.<\/p><p>Multumim!<\/p>\t\t\t\t\t\t<\/div>\n\t\t\t\t<\/div>\n\t\t\t\t<section class=\"elementor-section elementor-inner-section elementor-element elementor-element-8b2da9f elementor-section-boxed elementor-section-height-default elementor-section-height-default\" data-id=\"8b2da9f\" data-element_type=\"section\">\n\t\t\t\t\t\t<div class=\"elementor-container elementor-column-gap-default\">\n\t\t\t\t\t<div class=\"elementor-column elementor-col-33 elementor-inner-column elementor-element elementor-element-e854dfe\" data-id=\"e854dfe\" data-element_type=\"column\">\n\t\t\t<div class=\"elementor-widget-wrap elementor-element-populated\">\n\t\t\t\t\t\t\t\t<div class=\"elementor-element elementor-element-9e98e8a elementor-align-center elementor-widget elementor-widget-button\" data-id=\"9e98e8a\" data-element_type=\"widget\" data-widget_type=\"button.default\">\n\t\t\t\t<div class=\"elementor-widget-container\">\n\t\t\t\t\t<div class=\"elementor-button-wrapper\">\n\t\t\t<a href=\"http:\/\/asociatiahelicomed.ro\/wp-content\/uploads\/2022\/04\/Cerere-oferta-editare-si-imprimare-planse.pdf\" target=\"_blank\" download=\"Cerere oferta\" class=\"elementor-button-link elementor-button elementor-size-sm\" role=\"button\">\n\t\t\t\t\t\t<span class=\"elementor-button-content-wrapper\">\n\t\t\t\t\t\t\t<span class=\"elementor-button-icon elementor-align-icon-left\">\n\t\t\t\t<i aria-hidden=\"true\" class=\"far fa-file\"><\/i>\t\t\t<\/span>\n\t\t\t\t\t\t<span class=\"elementor-button-text\">Cerere Oferta<\/span>\n\t\t<\/span>\n\t\t\t\t\t<\/a>\n\t\t<\/div>\n\t\t\t\t<\/div>\n\t\t\t\t<\/div>\n\t\t\t\t\t<\/div>\n\t\t<\/div>\n\t\t\t\t<div class=\"elementor-column elementor-col-33 elementor-inner-column elementor-element elementor-element-7f92dcc\" data-id=\"7f92dcc\" data-element_type=\"column\">\n\t\t\t<div class=\"elementor-widget-wrap elementor-element-populated\">\n\t\t\t\t\t\t\t\t<div class=\"elementor-element elementor-element-00fd44c elementor-align-center elementor-widget elementor-widget-button\" data-id=\"00fd44c\" data-element_type=\"widget\" data-widget_type=\"button.default\">\n\t\t\t\t<div class=\"elementor-widget-container\">\n\t\t\t\t\t<div class=\"elementor-button-wrapper\">\n\t\t\t<a href=\"http:\/\/asociatiahelicomed.ro\/wp-content\/uploads\/2022\/04\/Contract-servicii-editare-si-imprimare.pdf\" target=\"_blank\" download=\"Contract furnizare materiale\" class=\"elementor-button-link elementor-button elementor-size-sm\" role=\"button\">\n\t\t\t\t\t\t<span class=\"elementor-button-content-wrapper\">\n\t\t\t\t\t\t\t<span class=\"elementor-button-icon elementor-align-icon-left\">\n\t\t\t\t<i aria-hidden=\"true\" class=\"far fa-file\"><\/i>\t\t\t<\/span>\n\t\t\t\t\t\t<span class=\"elementor-button-text\">Contract servicii editare si imprimare<\/span>\n\t\t<\/span>\n\t\t\t\t\t<\/a>\n\t\t<\/div>\n\t\t\t\t<\/div>\n\t\t\t\t<\/div>\n\t\t\t\t\t<\/div>\n\t\t<\/div>\n\t\t\t\t<div class=\"elementor-column elementor-col-33 elementor-inner-column elementor-element elementor-element-e938869\" data-id=\"e938869\" data-element_type=\"column\">\n\t\t\t<div class=\"elementor-widget-wrap elementor-element-populated\">\n\t\t\t\t\t\t\t\t<div class=\"elementor-element elementor-element-db852d6 elementor-align-center elementor-widget elementor-widget-button\" data-id=\"db852d6\" data-element_type=\"widget\" data-widget_type=\"button.default\">\n\t\t\t\t<div class=\"elementor-widget-container\">\n\t\t\t\t\t<div class=\"elementor-button-wrapper\">\n\t\t\t<a href=\"http:\/\/asociatiahelicomed.ro\/wp-content\/uploads\/2022\/04\/Documentatie-atribuire-contract-servicii-editare-si-imprimare.pdf\" target=\"_blank\" download=\"Documentatie atribuire\" class=\"elementor-button-link elementor-button elementor-size-sm\" role=\"button\">\n\t\t\t\t\t\t<span class=\"elementor-button-content-wrapper\">\n\t\t\t\t\t\t\t<span class=\"elementor-button-icon elementor-align-icon-left\">\n\t\t\t\t<i aria-hidden=\"true\" class=\"far fa-file\"><\/i>\t\t\t<\/span>\n\t\t\t\t\t\t<span class=\"elementor-button-text\">Documentatie atribuire<\/span>\n\t\t<\/span>\n\t\t\t\t\t<\/a>\n\t\t<\/div>\n\t\t\t\t<\/div>\n\t\t\t\t<\/div>\n\t\t\t\t\t<\/div>\n\t\t<\/div>\n\t\t\t\t\t\t\t<\/div>\n\t\t<\/section>\n\t\t\t\t\t<\/div>\n\t\t<\/div>\n\t\t\t\t\t\t\t<\/div>\n\t\t<\/section>\n\t\t\t\t<section class=\"elementor-section elementor-top-section elementor-element elementor-element-fe3e1d0 elementor-section-boxed elementor-section-height-default elementor-section-height-default\" data-id=\"fe3e1d0\" data-element_type=\"section\">\n\t\t\t\t\t\t<div class=\"elementor-container elementor-column-gap-default\">\n\t\t\t\t\t<div class=\"elementor-column elementor-col-100 elementor-top-column elementor-element elementor-element-1340c9e\" data-id=\"1340c9e\" data-element_type=\"column\">\n\t\t\t<div class=\"elementor-widget-wrap elementor-element-populated\">\n\t\t\t\t\t\t\t\t<div class=\"elementor-element elementor-element-18a89c3 elementor-widget elementor-widget-heading\" data-id=\"18a89c3\" data-element_type=\"widget\" data-widget_type=\"heading.default\">\n\t\t\t\t<div class=\"elementor-widget-container\">\n\t\t\t<h2 class=\"elementor-heading-title elementor-size-default\">09 Februarie 2022<\/h2>\t\t<\/div>\n\t\t\t\t<\/div>\n\t\t\t\t<div class=\"elementor-element elementor-element-f508f68 elementor-widget elementor-widget-text-editor\" data-id=\"f508f68\" data-element_type=\"widget\" data-widget_type=\"text-editor.default\">\n\t\t\t\t<div class=\"elementor-widget-container\">\n\t\t\t\t\t\t\t<p>Asocia\u021bia Helicomed \u0219i-a propus s\u0103 achizi\u021bioneze materialele\u00a0necesare pentru producerea a 23 de aparate pentru etapa de \u00eenv\u0103\u021bare a scris-cititului, aparate brevetate, \u00een vederea\u00a0implement\u0103rii proiectului finan\u021bat \u00een cadrul Programului\u00a0Opera\u021bional Comun Rom\u00e2nia-Republica Moldova 2014-2020 de Uniunea European\u0103 prin intermediul Instrumentului European de Vecinatate (ENI)\u00a0\u00a0 Rom\u00e2nia &#8211; Republica Moldova: \u201eCross-border co-operation and research through interdisciplinary approach of genesis, clinical manifestations and therapeutical\/preventional aspects of oral \/ written language specific disorders and development of innovative method of intervention in the cross border area (CERDIS)\u201d<span class=\"s10\"><span class=\"bumpedFont15\">, 2SOFT\/1.2\/78.<\/span><\/span><\/p><p>Dosarele pot fi depuse \u00eencep\u00e2nd cu data de 14.02.2022, ora 09:00, la sediul Asocia\u021biei Helicomed.<\/p><p>Data limit\u0103 pentru depunerea ofertelor este\u00a016.02.2022,\u00a0 ora\u00a0 14:00.<\/p><p>\u00cen cazul \u00een care sunt necesare clarific\u0103ri, le pute\u021bi solicita \u00eenscris, prin e-mail, la adresa <a href=\"mailto:asociatiahelicomed@yahoo.com\">asociatiahelicomed@yahoo.com<\/a>, cel t\u00e2rziu p\u00e2n\u0103 \u00een data de 15.02.2022 ora 10:00, iar r\u0103spunsul \u00eel vom \u00eentocmi \u0219i \u00eel vom transmite pe cale electronic\u0103 \u00een cel mai scurt timp, cel t\u00e2rziu p\u00e2n\u0103 \u00een data de 15.02.2022 ora 15:00.\u00a0<\/p><p>Toate detaliile necesare realiz\u0103rii\u00a0achizitiei celor 23 de aparate pentru etapa de \u00eenv\u0103\u021bare a scris-cititului le pute\u021bi consulta mai jos.<\/p><p>Multumim!<\/p>\t\t\t\t\t\t<\/div>\n\t\t\t\t<\/div>\n\t\t\t\t<section class=\"elementor-section elementor-inner-section elementor-element elementor-element-b5b58a4 elementor-section-boxed elementor-section-height-default elementor-section-height-default\" data-id=\"b5b58a4\" data-element_type=\"section\">\n\t\t\t\t\t\t<div class=\"elementor-container elementor-column-gap-default\">\n\t\t\t\t\t<div class=\"elementor-column elementor-col-33 elementor-inner-column elementor-element elementor-element-77ceb4f\" data-id=\"77ceb4f\" data-element_type=\"column\">\n\t\t\t<div class=\"elementor-widget-wrap elementor-element-populated\">\n\t\t\t\t\t\t\t\t<div class=\"elementor-element elementor-element-1afe5d7 elementor-align-center elementor-widget elementor-widget-button\" data-id=\"1afe5d7\" data-element_type=\"widget\" data-widget_type=\"button.default\">\n\t\t\t\t<div class=\"elementor-widget-container\">\n\t\t\t\t\t<div class=\"elementor-button-wrapper\">\n\t\t\t<a href=\"http:\/\/asociatiahelicomed.ro\/wp-content\/uploads\/2022\/02\/Cerere-oferta.pdf\" target=\"_blank\" download=\"Cerere oferta\" class=\"elementor-button-link elementor-button elementor-size-sm\" role=\"button\">\n\t\t\t\t\t\t<span class=\"elementor-button-content-wrapper\">\n\t\t\t\t\t\t\t<span class=\"elementor-button-icon elementor-align-icon-left\">\n\t\t\t\t<i aria-hidden=\"true\" class=\"far fa-file\"><\/i>\t\t\t<\/span>\n\t\t\t\t\t\t<span class=\"elementor-button-text\">Cerere Oferta<\/span>\n\t\t<\/span>\n\t\t\t\t\t<\/a>\n\t\t<\/div>\n\t\t\t\t<\/div>\n\t\t\t\t<\/div>\n\t\t\t\t\t<\/div>\n\t\t<\/div>\n\t\t\t\t<div class=\"elementor-column elementor-col-33 elementor-inner-column elementor-element elementor-element-22e4463\" data-id=\"22e4463\" data-element_type=\"column\">\n\t\t\t<div class=\"elementor-widget-wrap elementor-element-populated\">\n\t\t\t\t\t\t\t\t<div class=\"elementor-element elementor-element-04d6cb9 elementor-align-center elementor-widget elementor-widget-button\" data-id=\"04d6cb9\" data-element_type=\"widget\" data-widget_type=\"button.default\">\n\t\t\t\t<div class=\"elementor-widget-container\">\n\t\t\t\t\t<div class=\"elementor-button-wrapper\">\n\t\t\t<a href=\"http:\/\/asociatiahelicomed.ro\/wp-content\/uploads\/2022\/02\/Contract-furnizare-materiale.pdf\" target=\"_blank\" download=\"Contract furnizare materiale\" class=\"elementor-button-link elementor-button elementor-size-sm\" role=\"button\">\n\t\t\t\t\t\t<span class=\"elementor-button-content-wrapper\">\n\t\t\t\t\t\t\t<span class=\"elementor-button-icon elementor-align-icon-left\">\n\t\t\t\t<i aria-hidden=\"true\" class=\"far fa-file\"><\/i>\t\t\t<\/span>\n\t\t\t\t\t\t<span class=\"elementor-button-text\">Contract furnizare materiale<\/span>\n\t\t<\/span>\n\t\t\t\t\t<\/a>\n\t\t<\/div>\n\t\t\t\t<\/div>\n\t\t\t\t<\/div>\n\t\t\t\t\t<\/div>\n\t\t<\/div>\n\t\t\t\t<div class=\"elementor-column elementor-col-33 elementor-inner-column elementor-element elementor-element-76db827\" data-id=\"76db827\" data-element_type=\"column\">\n\t\t\t<div class=\"elementor-widget-wrap elementor-element-populated\">\n\t\t\t\t\t\t\t\t<div class=\"elementor-element elementor-element-2f7aceb elementor-align-center elementor-widget elementor-widget-button\" data-id=\"2f7aceb\" data-element_type=\"widget\" data-widget_type=\"button.default\">\n\t\t\t\t<div class=\"elementor-widget-container\">\n\t\t\t\t\t<div class=\"elementor-button-wrapper\">\n\t\t\t<a href=\"http:\/\/asociatiahelicomed.ro\/wp-content\/uploads\/2022\/02\/Documentatie-atribuire.pdf\" target=\"_blank\" download=\"Documentatie atribuire\" class=\"elementor-button-link elementor-button elementor-size-sm\" role=\"button\">\n\t\t\t\t\t\t<span class=\"elementor-button-content-wrapper\">\n\t\t\t\t\t\t\t<span class=\"elementor-button-icon elementor-align-icon-left\">\n\t\t\t\t<i aria-hidden=\"true\" class=\"far fa-file\"><\/i>\t\t\t<\/span>\n\t\t\t\t\t\t<span class=\"elementor-button-text\">Documentatie atribuire<\/span>\n\t\t<\/span>\n\t\t\t\t\t<\/a>\n\t\t<\/div>\n\t\t\t\t<\/div>\n\t\t\t\t<\/div>\n\t\t\t\t\t<\/div>\n\t\t<\/div>\n\t\t\t\t\t\t\t<\/div>\n\t\t<\/section>\n\t\t\t\t\t<\/div>\n\t\t<\/div>\n\t\t\t\t\t\t\t<\/div>\n\t\t<\/section>\n\t\t\t\t\t\t\t<\/div>\n\t\t","protected":false},"excerpt":{"rendered":"<p>Acasa Comunicate Presa Anunturi Anun\u0163uri 15 Aprilie 2022 Asocia\u021bia Helicomed \u0219i-a propus s\u0103 achizi\u021bioneze serviciile de editare si imprimare a 920 planse (23 seturi a cate 40 planse) \u00een vederea\u00a0implement\u0103rii proiectului finan\u021bat \u00een cadrul Programului\u00a0Opera\u021bional Comun Rom\u00e2nia-Republica Moldova 2014-2020 de Uniunea European\u0103 prin intermediul Instrumentului European de Vecinatate (ENI)\u00a0\u00a0 Rom\u00e2nia \u2013 Republica Moldova: \u201eCross-border co-operation [&hellip;]<\/p>\n","protected":false},"author":1,"featured_media":0,"parent":0,"menu_order":0,"comment_status":"closed","ping_status":"closed","template":"","meta":[],"_links":{"self":[{"href":"http:\/\/asociatiahelicomed.ro\/index.php\/wp-json\/wp\/v2\/pages\/80"}],"collection":[{"href":"http:\/\/asociatiahelicomed.ro\/index.php\/wp-json\/wp\/v2\/pages"}],"about":[{"href":"http:\/\/asociatiahelicomed.ro\/index.php\/wp-json\/wp\/v2\/types\/page"}],"author":[{"embeddable":true,"href":"http:\/\/asociatiahelicomed.ro\/index.php\/wp-json\/wp\/v2\/users\/1"}],"replies":[{"embeddable":true,"href":"http:\/\/asociatiahelicomed.ro\/index.php\/wp-json\/wp\/v2\/comments?post=80"}],"version-history":[{"count":40,"href":"http:\/\/asociatiahelicomed.ro\/index.php\/wp-json\/wp\/v2\/pages\/80\/revisions"}],"predecessor-version":[{"id":181,"href":"http:\/\/asociatiahelicomed.ro\/index.php\/wp-json\/wp\/v2\/pages\/80\/revisions\/181"}],"wp:attachment":[{"href":"http:\/\/asociatiahelicomed.ro\/index.php\/wp-json\/wp\/v2\/media?parent=80"}],"curies":[{"name":"wp","href":"https:\/\/api.w.org\/{rel}","templated":true}]}}